{"id":204,"date":"2026-03-08T22:18:26","date_gmt":"2026-03-08T22:18:26","guid":{"rendered":"https:\/\/codnize.com\/?page_id=204"},"modified":"2026-03-14T00:05:26","modified_gmt":"2026-03-14T00:05:26","slug":"kihivasok","status":"publish","type":"page","link":"https:\/\/codnize.com\/eng\/kihivasok\/","title":{"rendered":"Challenges"},"content":{"rendered":"<div data-elementor-type=\"wp-page\" data-elementor-id=\"204\" class=\"elementor elementor-204\" data-elementor-post-type=\"page\">\n\t\t\t\t<div class=\"elementor-element elementor-element-baf4d5b e-flex e-con-boxed e-con e-parent\" data-id=\"baf4d5b\" data-element_type=\"container\" data-e-type=\"container\" data-settings=\"{&quot;background_background&quot;:&quot;classic&quot;}\">\n\t\t\t\t\t<div class=\"e-con-inner\">\n\t\t<div class=\"elementor-element elementor-element-ebb04f6 e-con-full e-flex e-con e-child\" data-id=\"ebb04f6\" data-element_type=\"container\" data-e-type=\"container\">\n\t\t<div class=\"elementor-element elementor-element-823754b e-con-full e-flex e-con e-child\" data-id=\"823754b\" data-element_type=\"container\" data-e-type=\"container\">\n\t\t\t\t<div class=\"elementor-element elementor-element-79ef5e6 elementor-widget elementor-widget-image\" data-id=\"79ef5e6\" data-element_type=\"widget\" data-e-type=\"widget\" data-widget_type=\"image.default\">\n\t\t\t\t\t\t\t\t\t\t\t\t\t\t\t\t<a href=\"https:\/\/codnize.com\/eng\/product\/easter-2026-esemeny-reszletei\/\">\n\t\t\t\t\t\t\t<img fetchpriority=\"high\" decoding=\"async\" width=\"853\" height=\"1280\" src=\"https:\/\/codnize.com\/wp-content\/uploads\/2026\/03\/image_20260309_031143ea269b13-45f7-451b-9614-7ac018645373-2.jpg.webp\" class=\"attachment-full size-full wp-image-207\" alt=\"\" srcset=\"https:\/\/codnize.com\/wp-content\/uploads\/2026\/03\/image_20260309_031143ea269b13-45f7-451b-9614-7ac018645373-2.jpg.webp 853w, https:\/\/codnize.com\/wp-content\/uploads\/2026\/03\/image_20260309_031143ea269b13-45f7-451b-9614-7ac018645373-2.jpg-200x300.webp 200w, https:\/\/codnize.com\/wp-content\/uploads\/2026\/03\/image_20260309_031143ea269b13-45f7-451b-9614-7ac018645373-2.jpg-682x1024.webp 682w, https:\/\/codnize.com\/wp-content\/uploads\/2026\/03\/image_20260309_031143ea269b13-45f7-451b-9614-7ac018645373-2.jpg-768x1152.webp 768w, https:\/\/codnize.com\/wp-content\/uploads\/2026\/03\/image_20260309_031143ea269b13-45f7-451b-9614-7ac018645373-2.jpg-8x12.webp 8w, https:\/\/codnize.com\/wp-content\/uploads\/2026\/03\/image_20260309_031143ea269b13-45f7-451b-9614-7ac018645373-2.jpg-600x900.webp 600w\" sizes=\"(max-width: 853px) 100vw, 853px\" \/>\t\t\t\t\t\t\t\t<\/a>\n\t\t\t\t\t\t\t\t\t\t\t\t\t\t\t<\/div>\n\t\t\t\t<\/div>\n\t\t<div class=\"elementor-element elementor-element-79e5245 e-con-full e-flex e-con e-child\" data-id=\"79e5245\" data-element_type=\"container\" data-e-type=\"container\">\n\t\t\t\t<div class=\"elementor-element elementor-element-d2a5762 elementor-widget__width-initial elementor-widget-tablet__width-inherit elementor-widget elementor-widget-image-box\" data-id=\"d2a5762\" data-element_type=\"widget\" data-e-type=\"widget\" data-widget_type=\"image-box.default\">\n\t\t\t\t\t<div class=\"elementor-image-box-wrapper\"><div class=\"elementor-image-box-content\"><h3 class=\"elementor-image-box-title\"><a href=\"https:\/\/codnize.com\/eng\/product\/easter-2026-esemeny-reszletei\/\">Easter 2026 \u2013 Challenge<\/a><\/h3><p class=\"elementor-image-box-description\">Get moving, complete the challenge, and earn the exclusive Easter ActiveLifeChallenge medal!<\/p><\/div><\/div>\t\t\t\t<\/div>\n\t\t\t\t<div class=\"elementor-element elementor-element-92b297b elementor-widget elementor-widget-button\" data-id=\"92b297b\" data-element_type=\"widget\" data-e-type=\"widget\" data-widget_type=\"button.default\">\n\t\t\t\t\t\t\t\t\t\t<a class=\"elementor-button elementor-button-link elementor-size-sm\" href=\"https:\/\/codnize.com\/eng\/product\/easter-2026-esemeny-reszletei\/\">\n\t\t\t\t\t\t<span class=\"elementor-button-content-wrapper\">\n\t\t\t\t\t\t\t\t\t<span class=\"elementor-button-text\">JOIN THE CHALLENGE<\/span>\n\t\t\t\t\t<\/span>\n\t\t\t\t\t<\/a>\n\t\t\t\t\t\t\t\t<\/div>\n\t\t\t\t<\/div>\n\t\t\t\t<\/div>\n\t\t\t\t\t<\/div>\n\t\t\t\t<\/div>\n\t\t\t\t<\/div>","protected":false},"excerpt":{"rendered":"<p>Mozogj, teljes\u00edtsd a kih\u00edv\u00e1st, \u00e9s szerezd meg az exkluz\u00edv h\u00fasv\u00e9ti ActiveLifeChallange \u00e9rmet! CSATLAKOZOM A KIH\u00cdV\u00c1SHOZ<\/p>","protected":false},"author":1,"featured_media":0,"parent":0,"menu_order":0,"comment_status":"closed","ping_status":"closed","template":"elementor_header_footer","meta":{"footnotes":""},"class_list":["post-204","page","type-page","status-publish","hentry"],"_links":{"self":[{"href":"https:\/\/codnize.com\/eng\/wp-json\/wp\/v2\/pages\/204","targetHints":{"allow":["GET"]}}],"collection":[{"href":"https:\/\/codnize.com\/eng\/wp-json\/wp\/v2\/pages"}],"about":[{"href":"https:\/\/codnize.com\/eng\/wp-json\/wp\/v2\/types\/page"}],"author":[{"embeddable":true,"href":"https:\/\/codnize.com\/eng\/wp-json\/wp\/v2\/users\/1"}],"replies":[{"embeddable":true,"href":"https:\/\/codnize.com\/eng\/wp-json\/wp\/v2\/comments?post=204"}],"version-history":[{"count":73,"href":"https:\/\/codnize.com\/eng\/wp-json\/wp\/v2\/pages\/204\/revisions"}],"predecessor-version":[{"id":597,"href":"https:\/\/codnize.com\/eng\/wp-json\/wp\/v2\/pages\/204\/revisions\/597"}],"wp:attachment":[{"href":"https:\/\/codnize.com\/eng\/wp-json\/wp\/v2\/media?parent=204"}],"curies":[{"name":"wp","href":"https:\/\/api.w.org\/{rel}","templated":true}]}}